{"id":243,"date":"2013-11-17T11:39:05","date_gmt":"2013-11-17T09:39:05","guid":{"rendered":"https:\/\/mkdoor.ee\/?page_id=243"},"modified":"2014-05-03T21:06:58","modified_gmt":"2014-05-03T18:06:58","slug":"huolto","status":"publish","type":"page","link":"https:\/\/www.mkdoor.ee\/fi\/huolto\/","title":{"rendered":"Huolto"},"content":{"rendered":"<p>Ovissa on suuri k\u00e4ytt\u00f6rasitus, joten ovien mekaaniset osat kuluvat. Ovien k\u00e4ytt\u00f6ik\u00e4\u00e4 auttaa pident\u00e4m\u00e4\u00e4n <strong>s\u00e4\u00e4nn\u00f6llinen huolto<\/strong>. Huoltoa tehd\u00e4\u00e4n ovien k\u00e4ytt\u00f6tiheyden mukaan 1-4 kertaa vuodessa. Ovien huolto on <strong>takuuehtojen voimassaolon<\/strong> edellytyksen\u00e4.<\/p>\n<p>Tarjoamme huoltopalvelua kaikkiin oviin. Huoltoa suorittavat <b>kokeneet asiantuntijat<\/b>, jotka neuvovat asiakkaita my\u00f6s puhelimitse. Tarvittaessa tulemme kohteeseen arvioimaan tilanteen ja ratkaisemme ongelmat paikan p\u00e4\u00e4ll\u00e4.<\/p>\n<p>Tarjoamme ovien huoltoa <b>huoltosopimuksella tai ilman<\/b>.<\/p>\n<h3>Huoltopalveluista saa lis\u00e4tietoja numerosta (+358) 40 14 74 792.<\/h3>\n","protected":false},"excerpt":{"rendered":"<p>Ovissa on suuri k\u00e4ytt\u00f6rasitus, joten ovien mekaaniset osat kuluvat. Ovien k\u00e4ytt\u00f6ik\u00e4\u00e4 auttaa pident\u00e4m\u00e4\u00e4n s\u00e4\u00e4nn\u00f6llinen huolto. Huoltoa tehd\u00e4\u00e4n ovien k\u00e4ytt\u00f6tiheyden mukaan 1-4 kertaa vuodessa. Ovien huolto on takuuehtojen voimassaolon edellytyksen\u00e4. Tarjoamme huoltopalvelua kaikkiin oviin. Huoltoa suorittavat kokeneet asiantuntijat, jotka neuvovat asiakkaita my\u00f6s puhelimitse. Tarvittaessa tulemme kohteeseen arvioimaan tilanteen ja ratkaisemme ongelmat paikan p\u00e4\u00e4ll\u00e4. Tarjoamme ovien huoltoa [&hellip;]<\/p>\n","protected":false},"author":1,"featured_media":0,"parent":0,"menu_order":0,"comment_status":"closed","ping_status":"open","template":"","meta":{"footnotes":"","_links_to":"","_links_to_target":""},"class_list":["post-243","page","type-page","status-publish","hentry"],"yoast_head":"<!-- This site is optimized with the Yoast SEO plugin v24.0 - https:\/\/yoast.com\/wordpress\/plugins\/seo\/ -->\n<title>Huolto | MK Door<\/title>\n<meta name=\"robots\" content=\"index, follow, max-snippet:-1, max-image-preview:large, max-video-preview:-1\" \/>\n<link rel=\"canonical\" href=\"https:\/\/www.mkdoor.ee\/fi\/huolto\/\" \/>\n<meta property=\"og:locale\" content=\"fi_FI\" \/>\n<meta property=\"og:type\" content=\"article\" \/>\n<meta property=\"og:title\" content=\"Huolto | MK Door\" \/>\n<meta property=\"og:description\" content=\"Ovissa on suuri k\u00e4ytt\u00f6rasitus, joten ovien mekaaniset osat kuluvat. Ovien k\u00e4ytt\u00f6ik\u00e4\u00e4 auttaa pident\u00e4m\u00e4\u00e4n s\u00e4\u00e4nn\u00f6llinen huolto. Huoltoa tehd\u00e4\u00e4n ovien k\u00e4ytt\u00f6tiheyden mukaan 1-4 kertaa vuodessa. Ovien huolto on takuuehtojen voimassaolon edellytyksen\u00e4. Tarjoamme huoltopalvelua kaikkiin oviin. Huoltoa suorittavat kokeneet asiantuntijat, jotka neuvovat asiakkaita my\u00f6s puhelimitse. Tarvittaessa tulemme kohteeseen arvioimaan tilanteen ja ratkaisemme ongelmat paikan p\u00e4\u00e4ll\u00e4. Tarjoamme ovien huoltoa [&hellip;]\" \/>\n<meta property=\"og:url\" content=\"https:\/\/www.mkdoor.ee\/fi\/huolto\/\" \/>\n<meta property=\"og:site_name\" content=\"MK Door\" \/>\n<meta property=\"article:modified_time\" content=\"2014-05-03T18:06:58+00:00\" \/>\n<script type=\"application\/ld+json\" class=\"yoast-schema-graph\">{\"@context\":\"https:\/\/schema.org\",\"@graph\":[{\"@type\":\"WebPage\",\"@id\":\"https:\/\/www.mkdoor.ee\/fi\/huolto\/\",\"url\":\"https:\/\/www.mkdoor.ee\/fi\/huolto\/\",\"name\":\"Huolto | MK Door\",\"isPartOf\":{\"@id\":\"https:\/\/www.mkdoor.ee\/fi\/#website\"},\"datePublished\":\"2013-11-17T09:39:05+00:00\",\"dateModified\":\"2014-05-03T18:06:58+00:00\",\"breadcrumb\":{\"@id\":\"https:\/\/www.mkdoor.ee\/fi\/huolto\/#breadcrumb\"},\"inLanguage\":\"fi\",\"potentialAction\":[{\"@type\":\"ReadAction\",\"target\":[\"https:\/\/www.mkdoor.ee\/fi\/huolto\/\"]}]},{\"@type\":\"BreadcrumbList\",\"@id\":\"https:\/\/www.mkdoor.ee\/fi\/huolto\/#breadcrumb\",\"itemListElement\":[{\"@type\":\"ListItem\",\"position\":1,\"name\":\"Home\",\"item\":\"https:\/\/www.mkdoor.ee\/fi\/\"},{\"@type\":\"ListItem\",\"position\":2,\"name\":\"Huolto\"}]},{\"@type\":\"WebSite\",\"@id\":\"https:\/\/www.mkdoor.ee\/fi\/#website\",\"url\":\"https:\/\/www.mkdoor.ee\/fi\/\",\"name\":\"MK Door\",\"description\":\"\",\"potentialAction\":[{\"@type\":\"SearchAction\",\"target\":{\"@type\":\"EntryPoint\",\"urlTemplate\":\"https:\/\/www.mkdoor.ee\/fi\/?s={search_term_string}\"},\"query-input\":{\"@type\":\"PropertyValueSpecification\",\"valueRequired\":true,\"valueName\":\"search_term_string\"}}],\"inLanguage\":\"fi\"}]}<\/script>\n<!-- \/ Yoast SEO plugin. -->","yoast_head_json":{"title":"Huolto | MK Door","robots":{"index":"index","follow":"follow","max-snippet":"max-snippet:-1","max-image-preview":"max-image-preview:large","max-video-preview":"max-video-preview:-1"},"canonical":"https:\/\/www.mkdoor.ee\/fi\/huolto\/","og_locale":"fi_FI","og_type":"article","og_title":"Huolto | MK Door","og_description":"Ovissa on suuri k\u00e4ytt\u00f6rasitus, joten ovien mekaaniset osat kuluvat. Ovien k\u00e4ytt\u00f6ik\u00e4\u00e4 auttaa pident\u00e4m\u00e4\u00e4n s\u00e4\u00e4nn\u00f6llinen huolto. Huoltoa tehd\u00e4\u00e4n ovien k\u00e4ytt\u00f6tiheyden mukaan 1-4 kertaa vuodessa. Ovien huolto on takuuehtojen voimassaolon edellytyksen\u00e4. Tarjoamme huoltopalvelua kaikkiin oviin. Huoltoa suorittavat kokeneet asiantuntijat, jotka neuvovat asiakkaita my\u00f6s puhelimitse. Tarvittaessa tulemme kohteeseen arvioimaan tilanteen ja ratkaisemme ongelmat paikan p\u00e4\u00e4ll\u00e4. Tarjoamme ovien huoltoa [&hellip;]","og_url":"https:\/\/www.mkdoor.ee\/fi\/huolto\/","og_site_name":"MK Door","article_modified_time":"2014-05-03T18:06:58+00:00","schema":{"@context":"https:\/\/schema.org","@graph":[{"@type":"WebPage","@id":"https:\/\/www.mkdoor.ee\/fi\/huolto\/","url":"https:\/\/www.mkdoor.ee\/fi\/huolto\/","name":"Huolto | MK Door","isPartOf":{"@id":"https:\/\/www.mkdoor.ee\/fi\/#website"},"datePublished":"2013-11-17T09:39:05+00:00","dateModified":"2014-05-03T18:06:58+00:00","breadcrumb":{"@id":"https:\/\/www.mkdoor.ee\/fi\/huolto\/#breadcrumb"},"inLanguage":"fi","potentialAction":[{"@type":"ReadAction","target":["https:\/\/www.mkdoor.ee\/fi\/huolto\/"]}]},{"@type":"BreadcrumbList","@id":"https:\/\/www.mkdoor.ee\/fi\/huolto\/#breadcrumb","itemListElement":[{"@type":"ListItem","position":1,"name":"Home","item":"https:\/\/www.mkdoor.ee\/fi\/"},{"@type":"ListItem","position":2,"name":"Huolto"}]},{"@type":"WebSite","@id":"https:\/\/www.mkdoor.ee\/fi\/#website","url":"https:\/\/www.mkdoor.ee\/fi\/","name":"MK Door","description":"","potentialAction":[{"@type":"SearchAction","target":{"@type":"EntryPoint","urlTemplate":"https:\/\/www.mkdoor.ee\/fi\/?s={search_term_string}"},"query-input":{"@type":"PropertyValueSpecification","valueRequired":true,"valueName":"search_term_string"}}],"inLanguage":"fi"}]}},"_links":{"self":[{"href":"https:\/\/www.mkdoor.ee\/fi\/wp-json\/wp\/v2\/pages\/243"}],"collection":[{"href":"https:\/\/www.mkdoor.ee\/fi\/wp-json\/wp\/v2\/pages"}],"about":[{"href":"https:\/\/www.mkdoor.ee\/fi\/wp-json\/wp\/v2\/types\/page"}],"author":[{"embeddable":true,"href":"https:\/\/www.mkdoor.ee\/fi\/wp-json\/wp\/v2\/users\/1"}],"replies":[{"embeddable":true,"href":"https:\/\/www.mkdoor.ee\/fi\/wp-json\/wp\/v2\/comments?post=243"}],"version-history":[{"count":4,"href":"https:\/\/www.mkdoor.ee\/fi\/wp-json\/wp\/v2\/pages\/243\/revisions"}],"predecessor-version":[{"id":641,"href":"https:\/\/www.mkdoor.ee\/fi\/wp-json\/wp\/v2\/pages\/243\/revisions\/641"}],"wp:attachment":[{"href":"https:\/\/www.mkdoor.ee\/fi\/wp-json\/wp\/v2\/media?parent=243"}],"curies":[{"name":"wp","href":"https:\/\/api.w.org\/{rel}","templated":true}]}}